{"id":161,"date":"2023-05-11T18:53:29","date_gmt":"2023-05-11T11:53:29","guid":{"rendered":"https:\/\/vuongthinhphat.vn\/?post_type=product&#038;p=161"},"modified":"2023-05-11T18:53:29","modified_gmt":"2023-05-11T11:53:29","slug":"ada","status":"publish","type":"product","link":"https:\/\/vuongthinhphat.vn\/index.php\/san-pham\/ada\/","title":{"rendered":"\u00e1d\u00e1"},"content":{"rendered":"<p>\u0111\u00e2s\u0111asa<\/p>\n","protected":false},"excerpt":{"rendered":"<p>\u0111\u00e2s\u0111asa<\/p>\n","protected":false},"featured_media":0,"comment_status":"open","ping_status":"closed","template":"","meta":[],"product_cat":[29],"product_tag":[],"class_list":["post-161","product","type-product","status-publish","hentry","product_cat-fujifilm"],"_links":{"self":[{"href":"https:\/\/vuongthinhphat.vn\/index.php\/wp-json\/wp\/v2\/product\/161","targetHints":{"allow":["GET"]}}],"collection":[{"href":"https:\/\/vuongthinhphat.vn\/index.php\/wp-json\/wp\/v2\/product"}],"about":[{"href":"https:\/\/vuongthinhphat.vn\/index.php\/wp-json\/wp\/v2\/types\/product"}],"replies":[{"embeddable":true,"href":"https:\/\/vuongthinhphat.vn\/index.php\/wp-json\/wp\/v2\/comments?post=161"}],"wp:attachment":[{"href":"https:\/\/vuongthinhphat.vn\/index.php\/wp-json\/wp\/v2\/media?parent=161"}],"wp:term":[{"taxonomy":"product_cat","embeddable":true,"href":"https:\/\/vuongthinhphat.vn\/index.php\/wp-json\/wp\/v2\/product_cat?post=161"},{"taxonomy":"product_tag","embeddable":true,"href":"https:\/\/vuongthinhphat.vn\/index.php\/wp-json\/wp\/v2\/product_tag?post=161"}],"curies":[{"name":"wp","href":"https:\/\/api.w.org\/{rel}","templated":true}]}}